{"id":515,"date":"2023-09-18T08:28:37","date_gmt":"2023-09-18T06:28:37","guid":{"rendered":"https:\/\/jorgecavia.com\/?page_id=515"},"modified":"2023-09-18T08:29:49","modified_gmt":"2023-09-18T06:29:49","slug":"politica-de-privacidad","status":"publish","type":"page","link":"https:\/\/jorgecavia.com\/en\/politica-de-privacidad\/","title":{"rendered":"Pol\u00edtica de Privacidad"},"content":{"rendered":"<div data-elementor-type=\"wp-page\" data-elementor-id=\"515\" class=\"elementor elementor-515\">\n\t\t\t\t\t\t\t<div class=\"elementor-element elementor-element-ca093e3 e-flex e-con-boxed e-con e-parent\" data-id=\"ca093e3\" data-element_type=\"container\" data-settings=\"{&quot;content_width&quot;:&quot;boxed&quot;}\" data-core-v316-plus=\"true\">\n\t\t\t\t\t<div class=\"e-con-inner\">\n\t\t\t\t<div class=\"elementor-element elementor-element-f61fc89 elementor-widget elementor-widget-spacer\" data-id=\"f61fc89\" data-element_type=\"widget\" data-widget_type=\"spacer.default\">\n\t\t\t\t<div class=\"elementor-widget-container\">\n\t\t\t<style>\/*! elementor - v3.16.0 - 14-09-2023 *\/\n.elementor-column .elementor-spacer-inner{height:var(--spacer-size)}.e-con{--container-widget-width:100%}.e-con-inner>.elementor-widget-spacer,.e-con>.elementor-widget-spacer{width:var(--container-widget-width,var(--spacer-size));--align-self:var(--container-widget-align-self,initial);--flex-shrink:0}.e-con-inner>.elementor-widget-spacer>.elementor-widget-container,.e-con>.elementor-widget-spacer>.elementor-widget-container{height:100%;width:100%}.e-con-inner>.elementor-widget-spacer>.elementor-widget-container>.elementor-spacer,.e-con>.elementor-widget-spacer>.elementor-widget-container>.elementor-spacer{height:100%}.e-con-inner>.elementor-widget-spacer>.elementor-widget-container>.elementor-spacer>.elementor-spacer-inner,.e-con>.elementor-widget-spacer>.elementor-widget-container>.elementor-spacer>.elementor-spacer-inner{height:var(--container-widget-height,var(--spacer-size))}.e-con-inner>.elementor-widget-spacer.elementor-widget-empty,.e-con>.elementor-widget-spacer.elementor-widget-empty{position:relative;min-height:22px;min-width:22px}.e-con-inner>.elementor-widget-spacer.elementor-widget-empty .elementor-widget-empty-icon,.e-con>.elementor-widget-spacer.elementor-widget-empty .elementor-widget-empty-icon{position:absolute;top:0;bottom:0;left:0;right:0;margin:auto;padding:0;width:22px;height:22px}<\/style>\t\t<div class=\"elementor-spacer\">\n\t\t\t<div class=\"elementor-spacer-inner\"><\/div>\n\t\t<\/div>\n\t\t\t\t<\/div>\n\t\t\t\t<\/div>\n\t\t\t\t\t<\/div>\n\t\t\t\t<\/div>\n\t\t<div class=\"elementor-element elementor-element-1c3ea71 e-flex e-con-boxed e-con e-parent\" data-id=\"1c3ea71\" data-element_type=\"container\" data-settings=\"{&quot;content_width&quot;:&quot;boxed&quot;}\" data-core-v316-plus=\"true\">\n\t\t\t\t\t<div class=\"e-con-inner\">\n\t\t\t\t<div class=\"elementor-element elementor-element-9e285dd elementor-widget elementor-widget-text-editor\" data-id=\"9e285dd\" data-element_type=\"widget\" data-widget_type=\"text-editor.default\">\n\t\t\t\t<div class=\"elementor-widget-container\">\n\t\t\t<style>\/*! elementor - v3.16.0 - 14-09-2023 *\/\n.elementor-widget-text-editor.elementor-drop-cap-view-stacked .elementor-drop-cap{background-color:#69727d;color:#fff}.elementor-widget-text-editor.elementor-drop-cap-view-framed .elementor-drop-cap{color:#69727d;border:3px solid;background-color:transparent}.elementor-widget-text-editor:not(.elementor-drop-cap-view-default) .elementor-drop-cap{margin-top:8px}.elementor-widget-text-editor:not(.elementor-drop-cap-view-default) .elementor-drop-cap-letter{width:1em;height:1em}.elementor-widget-text-editor .elementor-drop-cap{float:left;text-align:center;line-height:1;font-size:50px}.elementor-widget-text-editor .elementor-drop-cap-letter{display:inline-block}<\/style>\t\t\t\t<header class=\"entry-header ast-no-thumbnail ast-no-meta\"><h1 class=\"entry-title\">pol\u00edtica de privacidad<\/h1><\/header><div class=\"entry-content clear\"><p>Jorge Cavia te informa sobre su Pol\u00edtica de Privacidad respecto del tratamiento y protecci\u00f3n de los datos de car\u00e1cter personal de los usuarios que puedan ser recabados durante la navegaci\u00f3n a trav\u00e9s del sitio Web\u00a0<a href=\"http:\/\/jorgecavia.es\/\">http:\/\/jorgecavia.es<\/a>.<\/p><p>En este sentido, Jorge Cavia garantiza el cumplimiento de la normativa vigente en materia de protecci\u00f3n de datos personales, reflejada en la Ley Org\u00e1nica 3\/2018, de 5 de diciembre, de Protecci\u00f3n de Datos Personales y de Garant\u00eda de Derechos Digitales (LOPD GDD). Cumple tambi\u00e9n con el Reglamento (UE) 2016\/679 del Parlamento Europeo y del Consejo de 27 de abril de 2016 relativo a la protecci\u00f3n de las personas f\u00edsicas (RGPD).<\/p><p>El uso de sitio Web implica la aceptaci\u00f3n de esta Pol\u00edtica de Privacidad as\u00ed como las condiciones incluidas en el\u00a0<a href=\"http:\/\/jorgecavia.es\/aviso-legal\/\">Aviso Legal<\/a>.<\/p><h2>Identidad del responsable<\/h2><p>\u00a0<\/p><ul><li><b>Titular:<\/b>\u00a0Jorge Cavia.<\/li><li><b>NIF:<\/b>\u00a013148753K<\/li><li><b>Domicilio:<\/b>\u00a0Avda del Arlanz\u00f3n 11 5 dcha, Burgos &#8211; Espa\u00f1a.<\/li><li><b>Correo electr\u00f3nico:<\/b>\u00a0jorgecaviagim@gmail.com<\/li><li><b>Sitio Web:<\/b>\u00a0<a href=\"http:\/\/jorgecavia.es\/\">http:\/\/jorgecavia.es<\/a><\/li><\/ul><p>\u00a0<\/p><h2>Principios aplicados en el tratamiento de datos<\/h2><p>En el tratamiento de tus datos personales, el Titular aplicar\u00e1 los siguientes principios que se ajustan a las exigencias del nuevo reglamento europeo de protecci\u00f3n de datos (RGPD):<\/p><p>\u00a0<\/p><ul><li><b>Principio de licitud, lealtad y transparencia:<\/b>\u00a0El Titular siempre requerir\u00e1 el consentimiento para el tratamiento de los datos personales que puede ser para uno o varios fines espec\u00edficos sobre los que el Titular informar\u00e1 al Usuario previamente con absoluta transparencia.<\/li><li><b>Principio de minimizaci\u00f3n de datos:<\/b>\u00a0El Titular solicitar\u00e1 solo los datos estrictamente necesarios para el fin o los fines que los solicita.<\/li><li><b>Principio de limitaci\u00f3n del plazo de conservaci\u00f3n:<\/b>\u00a0El Titular mantendr\u00e1 los datos personales recabados durante el tiempo estrictamente necesario para el fin o los fines del tratamiento. El Titular informar\u00e1 al Usuario del plazo de conservaci\u00f3n correspondiente\u00a0<a href=\"http:\/\/jorgecavia.es\/politica-de-privacidad\/#finalidad-del-tratamiento-de-datos-personales\">seg\u00fan la finalidad<\/a>.<br \/>En el caso de suscripciones, el Titular revisar\u00e1 peri\u00f3dicamente las listas y eliminar\u00e1 aquellos registros inactivos durante un tiempo considerable.<\/li><li><b>Principio de integridad y confidencialidad:<\/b>\u00a0Los datos personales recabados ser\u00e1n tratados de tal manera que su seguridad, confidencialidad e integridad est\u00e9 garantizada.<br \/>El Titular toma las precauciones necesarias para evitar el acceso no autorizado o uso indebido de los datos de sus usuarios por parte de terceros.<\/li><\/ul><p>\u00a0<\/p><h2>Obtenci\u00f3n de datos personales<\/h2><p>Para navegar por\u00a0<a href=\"http:\/\/jorgecavia.es\/\">http:\/\/jorgecavia.es<\/a>\u00a0no es necesario que facilites ning\u00fan dato personal.<\/p><p>Los casos en los que s\u00ed proporcionas tus datos personales son los siguientes:<\/p><p>\u00a0<\/p><p>\u00a0<\/p><h2>Derechos<\/h2><p>El Titular te informa que sobre tus datos personales tienes derecho a:<\/p><p>\u00a0<\/p><ul><li>Solicitar el acceso a los datos almacenados.<\/li><li>Solicitar una rectificaci\u00f3n o la cancelaci\u00f3n.<\/li><li>Solicitar la limitaci\u00f3n de su tratamiento.<\/li><li>Oponerte al tratamiento.<\/li><\/ul><p>\u00a0<\/p><p>No puedes ejercitar el derecho a la portabilidad de los datos.<\/p><p>El ejercicio de estos derechos es personal y por tanto debe ser ejercido directamente por el interesado, solicit\u00e1ndolo directamente al Titular, lo que significa que cualquier cliente, suscriptor o colaborador que haya facilitado sus datos en alg\u00fan momento, puede dirigirse a Jorge Cavia y pedir informaci\u00f3n sobre los datos que tiene almacenados y c\u00f3mo los ha obtenido, solicitar la rectificaci\u00f3n de los mismos, oponerse al tratamiento, limitar su uso o solicitar la cancelaci\u00f3n de esos datos en los ficheros del Titular.<\/p><p>Para ejercitar tus derechos de acceso, rectificaci\u00f3n, cancelaci\u00f3n y oposici\u00f3n tienes que enviar un correo electr\u00f3nico a jorgecaviagim@gmail.com junto con la prueba v\u00e1lida en derecho como una fotocopia del D.N.I. o equivalente.<\/p><p>Tienes derecho a la tutela judicial efectiva y a presentar una reclamaci\u00f3n ante la autoridad de control, en este caso, la Agencia Espa\u00f1ola de Protecci\u00f3n de Datos, si consideras que el tratamiento de datos personales que te conciernen infringe el Reglamento.<\/p><h2 id=\"finalidad-del-tratamiento-de-datos-personales\">Finalidad del tratamiento de datos personales<\/h2><p>Cuando te conectas al sitio Web para mandar un correo al Titular, te suscribes a su bolet\u00edn est\u00e1s facilitando informaci\u00f3n de car\u00e1cter personal de la que el responsable es Jorge Cavia. Esta informaci\u00f3n puede incluir datos de car\u00e1cter personal como pueden ser tu direcci\u00f3n IP, nombre y apellidos, direcci\u00f3n f\u00edsica, direcci\u00f3n de correo electr\u00f3nico, n\u00famero de tel\u00e9fono, y otra informaci\u00f3n. Al facilitar esta informaci\u00f3n, das tu consentimiento para que tu informaci\u00f3n sea recopilada, utilizada, gestionada y almacenada por \u2014 Jorge Cavia \u2014 s\u00f3lo como se describe en el\u00a0<a href=\"http:\/\/jorgecavia.es\/aviso-legal\/\">Aviso Legal<\/a>\u00a0y en la presente\u00a0<a href=\"http:\/\/jorgecavia.es\/politica-de-privacidad\/\">Pol\u00edtica de Privacidad<\/a>.<\/p><p>Los datos personales y la finalidad del tratamiento por parte del Titular es diferente seg\u00fan el sistema de captura de informaci\u00f3n:<\/p><p>\u00a0<\/p><p>\u00a0<\/p><p>Existen otras finalidades por las que el Titular trata datos personales:<\/p><p>\u00a0<\/p><ul><li>Para garantizar el cumplimiento de las condiciones recogidas en el\u00a0<a href=\"http:\/\/jorgecavia.es\/aviso-legal\/\">Aviso Legal<\/a>\u00a0y en la ley aplicable. Esto puede incluir el desarrollo de herramientas y algoritmos que ayuden a este sitio Web a garantizar la confidencialidad de los datos personales que recoge.<\/li><li>Para apoyar y mejorar los servicios que ofrece este sitio Web.<\/li><li>Para analizar la navegaci\u00f3n de los usuarios. El Titular recoge otros datos no identificativos que se obtienen mediante el uso de cookies que se descargan en el ordenador del Usuario cuando navega por el sitio Web cuyas caracter\u00edsticas y finalidad est\u00e1n detalladas en la\u00a0<a href=\"http:\/\/jorgecavia.es\/politica-de-cookies\/\">Pol\u00edtica de Cookies<\/a>\u00a0.<\/li><\/ul><p>\u00a0<\/p><h2>Seguridad de los datos personales<\/h2><p>Para proteger tus datos personales, el Titular toma todas las precauciones razonables y sigue las mejores pr\u00e1cticas de la industria para evitar su p\u00e9rdida, mal uso, acceso indebido, divulgaci\u00f3n, alteraci\u00f3n o destrucci\u00f3n de los mismos.<\/p><p>Tus datos podr\u00e1n ser incorporados a un fichero de lista de correo, del cual Jorge Cavia es responsable de su gesti\u00f3n y tratamiento. La seguridad de tus datos est\u00e1 garantizada, ya que Jorge Cavia toma todas las medidas de seguridad necesarias y te garantiza que los datos personales s\u00f3lo se usar\u00e1n para las finalidades dadas.<\/p><p>Jorge Cavia informa al Usuario de que sus datos personales no ser\u00e1n cedidos a terceras organizaciones, con la salvedad de que dicha cesi\u00f3n de datos est\u00e9 amparada en una obligaci\u00f3n legal o cuando la prestaci\u00f3n de un servicio implique la necesidad de una relaci\u00f3n contractual con un encargado de tratamiento. En este \u00faltimo caso, solo se llevar\u00e1 a cabo la cesi\u00f3n de datos al tercero cuando Jorge Cavia disponga del consentimiento expreso del Usuario.<\/p><p>Sin embargo, en algunos casos se pueden realizar colaboraciones con otros profesionales, en esos casos, se requerir\u00e1 consentimiento al Usuario informando sobre la identidad del colaborador y la finalidad de la colaboraci\u00f3n. Siempre se realizar\u00e1 con los m\u00e1s estrictos est\u00e1ndares de seguridad.<\/p><h2>Contenido de otros sitios web<\/h2><p>Las p\u00e1ginas de este sitio Web pueden incluir contenido incrustado (por ejemplo, v\u00eddeos, im\u00e1genes, art\u00edculos, etc.). El contenido incrustado de otras web se comporta exactamente de la misma manera que si hubieras visitado la otra web.<\/p><p>Estos sitios Web pueden recopilar datos sobre ti, utilizar cookies, incrustar un c\u00f3digo de seguimiento adicional de terceros, y supervisar tu interacci\u00f3n usando este c\u00f3digo.<\/p><h2>Pol\u00edtica de Cookies<\/h2><p>Para que este sitio Web funcione correctamente necesita utilizar cookies, que es una informaci\u00f3n que se almacena en tu navegador web.<\/p><p>En la p\u00e1gina\u00a0<a href=\"http:\/\/jorgecavia.es\/politica-de-cookies\/\">Pol\u00edtica de Cookies<\/a>\u00a0puedes consultar toda la informaci\u00f3n relativa a la pol\u00edtica de recogida, la finalidad y el tratamiento de las cookies.<\/p><p>\u00a0<\/p><h2>Legitimaci\u00f3n para el tratamiento de datos<\/h2><p>La base legal para el tratamiento de tus datos es: el consentimiento.<\/p><p>Para contactar con el Titular, suscribirte a un bolet\u00edn o realizar comentarios en este sitio Web tienes que aceptar la presente Pol\u00edtica de Privacidad.<\/p><h2>Categor\u00edas de datos personales<\/h2><p>Las categor\u00edas de datos personales que trata el Titular son:<\/p><p>\u00a0<\/p><ul><li>Datos identificativos.<\/li><li>No se tratan categor\u00edas de datos especialmente protegidos.<\/li><\/ul><p>\u00a0<\/p><h2>Conservaci\u00f3n de datos personales<\/h2><p>Los datos personales que proporciones al Titular se conservar\u00e1n hasta que solicites su supresi\u00f3n.<\/p><div id=\"destinatarios\"><p>\u00a0<\/p><p>\u00a0<\/p><\/div><h2>Navegaci\u00f3n Web<\/h2><p>Al navegar por\u00a0<a href=\"http:\/\/jorgecavia.es\/\">http:\/\/jorgecavia.es<\/a>\u00a0se pueden recoger datos no identificativos, que pueden incluir, la direcci\u00f3n IP, geolocalizaci\u00f3n, un registro de c\u00f3mo se utilizan los servicios y sitios, h\u00e1bitos de navegaci\u00f3n y otros datos que no pueden ser utilizados para identificarte.<\/p><p>El sitio Web utiliza los siguientes servicios de an\u00e1lisis de terceros:<\/p><p>\u00a0<\/p><p>\u00a0<\/p><p>El Titular utiliza la informaci\u00f3n obtenida para obtener datos estad\u00edsticos, analizar tendencias, administrar el sitio, estudiar patrones de navegaci\u00f3n y para recopilar informaci\u00f3n demogr\u00e1fica.<\/p><p>El Titular no se hace responsable del tratamiento de los datos personales que realicen las p\u00e1ginas web a las que puedas acceder a trav\u00e9s de los distintos enlaces que contiene el sitio Web.<\/p><h2>Exactitud y veracidad de los datos personales<\/h2><p>Te comprometes a que los datos facilitados al Titular sean correctos, completos, exactos y vigentes, as\u00ed como a mantenerlos debidamente actualizados.<\/p><p>Como Usuario del sitio Web eres el \u00fanico responsable de la veracidad y correcci\u00f3n de los datos remitidos al sitio Web exonerando a Jorge Cavia de cualquier responsabilidad al respecto.<\/p><h2>Aceptaci\u00f3n y consentimiento<\/h2><p>Como Usuario del sitio Web declaras haber sido informado de las condiciones sobre protecci\u00f3n de datos de car\u00e1cter personal, aceptas y consientes el tratamiento de los mismos por parte de Jorge Cavia en la forma y para las finalidades indicadas en esta Pol\u00edtica de Privacidad.<\/p><h2>Revocabilidad<\/h2><p>Para ejercitar tus derechos de acceso, rectificaci\u00f3n, cancelaci\u00f3n y oposici\u00f3n tienes que enviar un correo electr\u00f3nico a jorgecaviagim@gmail.com junto con la prueba v\u00e1lida en derecho como una fotocopia del D.N.I. o equivalente.<\/p><p>El ejercicio de estos derechos no incluye ning\u00fan dato que Jorge Cavia est\u00e9 obligado a conservar con fines administrativos, legales o de seguridad.<\/p><h2>Cambios en la Pol\u00edtica de Privacidad<\/h2><p>El Titular se reserva el derecho a modificar la presente Pol\u00edtica de Privacidad para adaptarla a novedades legislativas o jurisprudenciales, as\u00ed como a pr\u00e1cticas de la industria.<\/p><p>Estas pol\u00edticas estar\u00e1n vigentes hasta que sean modificadas por otras debidamente publicadas.<\/p><\/div>\t\t\t\t\t\t<\/div>\n\t\t\t\t<\/div>\n\t\t\t\t\t<\/div>\n\t\t\t\t<\/div>\n\t\t<div class=\"elementor-element elementor-element-f29761f e-flex e-con-boxed e-con e-parent\" data-id=\"f29761f\" data-element_type=\"container\" data-settings=\"{&quot;content_width&quot;:&quot;boxed&quot;}\" data-core-v316-plus=\"true\">\n\t\t\t\t\t<div class=\"e-con-inner\">\n\t\t\t\t<div class=\"elementor-element elementor-element-bce04eb elementor-widget elementor-widget-spacer\" data-id=\"bce04eb\" data-element_type=\"widget\" data-widget_type=\"spacer.default\">\n\t\t\t\t<div class=\"elementor-widget-container\">\n\t\t\t\t\t<div class=\"elementor-spacer\">\n\t\t\t<div class=\"elementor-spacer-inner\"><\/div>\n\t\t<\/div>\n\t\t\t\t<\/div>\n\t\t\t\t<\/div>\n\t\t\t\t\t<\/div>\n\t\t\t\t<\/div>\n\t\t\t\t\t\t\t<\/div>","protected":false},"excerpt":{"rendered":"<p>pol\u00edtica de privacidad Jorge Cavia te informa sobre su Pol\u00edtica de Privacidad respecto del tratamiento y protecci\u00f3n de los datos de car\u00e1cter personal de los usuarios que puedan ser recabados durante la navegaci\u00f3n a trav\u00e9s del sitio Web\u00a0http:\/\/jorgecavia.es. En este sentido, Jorge Cavia garantiza el cumplimiento de la normativa vigente en materia de protecci\u00f3n de [&hellip;]<\/p>","protected":false},"author":1,"featured_media":0,"parent":0,"menu_order":0,"comment_status":"closed","ping_status":"closed","template":"","meta":{"footnotes":""},"yoast_head":"<!-- This site is optimized with the Yoast SEO plugin v21.1 - https:\/\/yoast.com\/wordpress\/plugins\/seo\/ -->\n<title>Pol\u00edtica de Privacidad - Jorge Cavia<\/title>\n<meta name=\"robots\" content=\"index, follow, max-snippet:-1, max-image-preview:large, max-video-preview:-1\" \/>\n<link rel=\"canonical\" href=\"https:\/\/jorgecavia.com\/en\/politica-de-privacidad\/\" \/>\n<meta property=\"og:locale\" content=\"en_GB\" \/>\n<meta property=\"og:type\" content=\"article\" \/>\n<meta property=\"og:title\" content=\"Pol\u00edtica de Privacidad - Jorge Cavia\" \/>\n<meta property=\"og:description\" content=\"pol\u00edtica de privacidad Jorge Cavia te informa sobre su Pol\u00edtica de Privacidad respecto del tratamiento y protecci\u00f3n de los datos de car\u00e1cter personal de los usuarios que puedan ser recabados durante la navegaci\u00f3n a trav\u00e9s del sitio Web\u00a0http:\/\/jorgecavia.es. En este sentido, Jorge Cavia garantiza el cumplimiento de la normativa vigente en materia de protecci\u00f3n de [&hellip;]\" \/>\n<meta property=\"og:url\" content=\"https:\/\/jorgecavia.com\/en\/politica-de-privacidad\/\" \/>\n<meta property=\"og:site_name\" content=\"Jorge Cavia\" \/>\n<meta property=\"article:modified_time\" content=\"2023-09-18T06:29:49+00:00\" \/>\n<meta name=\"twitter:card\" content=\"summary_large_image\" \/>\n<meta name=\"twitter:label1\" content=\"Estimated reading time\" \/>\n\t<meta name=\"twitter:data1\" content=\"8 minutes\" \/>\n<script type=\"application\/ld+json\" class=\"yoast-schema-graph\">{\"@context\":\"https:\/\/schema.org\",\"@graph\":[{\"@type\":\"WebPage\",\"@id\":\"https:\/\/jorgecavia.com\/politica-de-privacidad\/\",\"url\":\"https:\/\/jorgecavia.com\/politica-de-privacidad\/\",\"name\":\"Pol\u00edtica de Privacidad - Jorge Cavia\",\"isPartOf\":{\"@id\":\"https:\/\/jorgecavia.com\/#website\"},\"datePublished\":\"2023-09-18T06:28:37+00:00\",\"dateModified\":\"2023-09-18T06:29:49+00:00\",\"breadcrumb\":{\"@id\":\"https:\/\/jorgecavia.com\/politica-de-privacidad\/#breadcrumb\"},\"inLanguage\":\"en-GB\",\"potentialAction\":[{\"@type\":\"ReadAction\",\"target\":[\"https:\/\/jorgecavia.com\/politica-de-privacidad\/\"]}]},{\"@type\":\"BreadcrumbList\",\"@id\":\"https:\/\/jorgecavia.com\/politica-de-privacidad\/#breadcrumb\",\"itemListElement\":[{\"@type\":\"ListItem\",\"position\":1,\"name\":\"Portada\",\"item\":\"https:\/\/jorgecavia.com\/\"},{\"@type\":\"ListItem\",\"position\":2,\"name\":\"Pol\u00edtica de Privacidad\"}]},{\"@type\":\"WebSite\",\"@id\":\"https:\/\/jorgecavia.com\/#website\",\"url\":\"https:\/\/jorgecavia.com\/\",\"name\":\"Jorge Cavia\",\"description\":\"Mosicoterapeuta\",\"publisher\":{\"@id\":\"https:\/\/jorgecavia.com\/#organization\"},\"potentialAction\":[{\"@type\":\"SearchAction\",\"target\":{\"@type\":\"EntryPoint\",\"urlTemplate\":\"https:\/\/jorgecavia.com\/?s={search_term_string}\"},\"query-input\":\"required name=search_term_string\"}],\"inLanguage\":\"en-GB\"},{\"@type\":\"Organization\",\"@id\":\"https:\/\/jorgecavia.com\/#organization\",\"name\":\"Jorge Cavia\",\"url\":\"https:\/\/jorgecavia.com\/\",\"logo\":{\"@type\":\"ImageObject\",\"inLanguage\":\"en-GB\",\"@id\":\"https:\/\/jorgecavia.com\/#\/schema\/logo\/image\/\",\"url\":\"https:\/\/jorgecavia.com\/wp-content\/uploads\/2023\/09\/cropped-logoJorge-51x64-1.jpg\",\"contentUrl\":\"https:\/\/jorgecavia.com\/wp-content\/uploads\/2023\/09\/cropped-logoJorge-51x64-1.jpg\",\"width\":51,\"height\":64,\"caption\":\"Jorge Cavia\"},\"image\":{\"@id\":\"https:\/\/jorgecavia.com\/#\/schema\/logo\/image\/\"}}]}<\/script>\n<!-- \/ Yoast SEO plugin. -->","yoast_head_json":{"title":"Pol\u00edtica de Privacidad - Jorge Cavia","robots":{"index":"index","follow":"follow","max-snippet":"max-snippet:-1","max-image-preview":"max-image-preview:large","max-video-preview":"max-video-preview:-1"},"canonical":"https:\/\/jorgecavia.com\/en\/politica-de-privacidad\/","og_locale":"en_GB","og_type":"article","og_title":"Pol\u00edtica de Privacidad - Jorge Cavia","og_description":"pol\u00edtica de privacidad Jorge Cavia te informa sobre su Pol\u00edtica de Privacidad respecto del tratamiento y protecci\u00f3n de los datos de car\u00e1cter personal de los usuarios que puedan ser recabados durante la navegaci\u00f3n a trav\u00e9s del sitio Web\u00a0http:\/\/jorgecavia.es. En este sentido, Jorge Cavia garantiza el cumplimiento de la normativa vigente en materia de protecci\u00f3n de [&hellip;]","og_url":"https:\/\/jorgecavia.com\/en\/politica-de-privacidad\/","og_site_name":"Jorge Cavia","article_modified_time":"2023-09-18T06:29:49+00:00","twitter_card":"summary_large_image","twitter_misc":{"Estimated reading time":"8 minutes"},"schema":{"@context":"https:\/\/schema.org","@graph":[{"@type":"WebPage","@id":"https:\/\/jorgecavia.com\/politica-de-privacidad\/","url":"https:\/\/jorgecavia.com\/politica-de-privacidad\/","name":"Pol\u00edtica de Privacidad - Jorge Cavia","isPartOf":{"@id":"https:\/\/jorgecavia.com\/#website"},"datePublished":"2023-09-18T06:28:37+00:00","dateModified":"2023-09-18T06:29:49+00:00","breadcrumb":{"@id":"https:\/\/jorgecavia.com\/politica-de-privacidad\/#breadcrumb"},"inLanguage":"en-GB","potentialAction":[{"@type":"ReadAction","target":["https:\/\/jorgecavia.com\/politica-de-privacidad\/"]}]},{"@type":"BreadcrumbList","@id":"https:\/\/jorgecavia.com\/politica-de-privacidad\/#breadcrumb","itemListElement":[{"@type":"ListItem","position":1,"name":"Portada","item":"https:\/\/jorgecavia.com\/"},{"@type":"ListItem","position":2,"name":"Pol\u00edtica de Privacidad"}]},{"@type":"WebSite","@id":"https:\/\/jorgecavia.com\/#website","url":"https:\/\/jorgecavia.com\/","name":"Jorge Cavia","description":"Mosicoterapeuta","publisher":{"@id":"https:\/\/jorgecavia.com\/#organization"},"potentialAction":[{"@type":"SearchAction","target":{"@type":"EntryPoint","urlTemplate":"https:\/\/jorgecavia.com\/?s={search_term_string}"},"query-input":"required name=search_term_string"}],"inLanguage":"en-GB"},{"@type":"Organization","@id":"https:\/\/jorgecavia.com\/#organization","name":"Jorge Cavia","url":"https:\/\/jorgecavia.com\/","logo":{"@type":"ImageObject","inLanguage":"en-GB","@id":"https:\/\/jorgecavia.com\/#\/schema\/logo\/image\/","url":"https:\/\/jorgecavia.com\/wp-content\/uploads\/2023\/09\/cropped-logoJorge-51x64-1.jpg","contentUrl":"https:\/\/jorgecavia.com\/wp-content\/uploads\/2023\/09\/cropped-logoJorge-51x64-1.jpg","width":51,"height":64,"caption":"Jorge Cavia"},"image":{"@id":"https:\/\/jorgecavia.com\/#\/schema\/logo\/image\/"}}]}},"_links":{"self":[{"href":"https:\/\/jorgecavia.com\/en\/wp-json\/wp\/v2\/pages\/515"}],"collection":[{"href":"https:\/\/jorgecavia.com\/en\/wp-json\/wp\/v2\/pages"}],"about":[{"href":"https:\/\/jorgecavia.com\/en\/wp-json\/wp\/v2\/types\/page"}],"author":[{"embeddable":true,"href":"https:\/\/jorgecavia.com\/en\/wp-json\/wp\/v2\/users\/1"}],"replies":[{"embeddable":true,"href":"https:\/\/jorgecavia.com\/en\/wp-json\/wp\/v2\/comments?post=515"}],"version-history":[{"count":7,"href":"https:\/\/jorgecavia.com\/en\/wp-json\/wp\/v2\/pages\/515\/revisions"}],"predecessor-version":[{"id":522,"href":"https:\/\/jorgecavia.com\/en\/wp-json\/wp\/v2\/pages\/515\/revisions\/522"}],"wp:attachment":[{"href":"https:\/\/jorgecavia.com\/en\/wp-json\/wp\/v2\/media?parent=515"}],"curies":[{"name":"wp","href":"https:\/\/api.w.org\/{rel}","templated":true}]}}