{"id":523,"date":"2023-09-18T08:33:36","date_gmt":"2023-09-18T06:33:36","guid":{"rendered":"https:\/\/jorgecavia.com\/?page_id=523"},"modified":"2023-09-18T08:34:22","modified_gmt":"2023-09-18T06:34:22","slug":"politica-de-cookies","status":"publish","type":"page","link":"https:\/\/jorgecavia.com\/en\/politica-de-cookies\/","title":{"rendered":"Pol\u00edtica de cookies"},"content":{"rendered":"<div data-elementor-type=\"wp-page\" data-elementor-id=\"523\" class=\"elementor elementor-523\">\n\t\t\t\t\t\t\t<div class=\"elementor-element elementor-element-5049c17 e-flex e-con-boxed e-con e-parent\" data-id=\"5049c17\" data-element_type=\"container\" data-settings=\"{&quot;content_width&quot;:&quot;boxed&quot;}\" data-core-v316-plus=\"true\">\n\t\t\t\t\t<div class=\"e-con-inner\">\n\t\t\t\t<div class=\"elementor-element elementor-element-3001e95 elementor-widget elementor-widget-spacer\" data-id=\"3001e95\" data-element_type=\"widget\" data-widget_type=\"spacer.default\">\n\t\t\t\t<div class=\"elementor-widget-container\">\n\t\t\t<style>\/*! elementor - v3.16.0 - 14-09-2023 *\/\n.elementor-column .elementor-spacer-inner{height:var(--spacer-size)}.e-con{--container-widget-width:100%}.e-con-inner>.elementor-widget-spacer,.e-con>.elementor-widget-spacer{width:var(--container-widget-width,var(--spacer-size));--align-self:var(--container-widget-align-self,initial);--flex-shrink:0}.e-con-inner>.elementor-widget-spacer>.elementor-widget-container,.e-con>.elementor-widget-spacer>.elementor-widget-container{height:100%;width:100%}.e-con-inner>.elementor-widget-spacer>.elementor-widget-container>.elementor-spacer,.e-con>.elementor-widget-spacer>.elementor-widget-container>.elementor-spacer{height:100%}.e-con-inner>.elementor-widget-spacer>.elementor-widget-container>.elementor-spacer>.elementor-spacer-inner,.e-con>.elementor-widget-spacer>.elementor-widget-container>.elementor-spacer>.elementor-spacer-inner{height:var(--container-widget-height,var(--spacer-size))}.e-con-inner>.elementor-widget-spacer.elementor-widget-empty,.e-con>.elementor-widget-spacer.elementor-widget-empty{position:relative;min-height:22px;min-width:22px}.e-con-inner>.elementor-widget-spacer.elementor-widget-empty .elementor-widget-empty-icon,.e-con>.elementor-widget-spacer.elementor-widget-empty .elementor-widget-empty-icon{position:absolute;top:0;bottom:0;left:0;right:0;margin:auto;padding:0;width:22px;height:22px}<\/style>\t\t<div class=\"elementor-spacer\">\n\t\t\t<div class=\"elementor-spacer-inner\"><\/div>\n\t\t<\/div>\n\t\t\t\t<\/div>\n\t\t\t\t<\/div>\n\t\t\t\t\t<\/div>\n\t\t\t\t<\/div>\n\t\t<div class=\"elementor-element elementor-element-6e7a86d e-flex e-con-boxed e-con e-parent\" data-id=\"6e7a86d\" data-element_type=\"container\" data-settings=\"{&quot;content_width&quot;:&quot;boxed&quot;}\" data-core-v316-plus=\"true\">\n\t\t\t\t\t<div class=\"e-con-inner\">\n\t\t\t\t<div class=\"elementor-element elementor-element-67b2437 elementor-widget elementor-widget-text-editor\" data-id=\"67b2437\" data-element_type=\"widget\" data-widget_type=\"text-editor.default\">\n\t\t\t\t<div class=\"elementor-widget-container\">\n\t\t\t<style>\/*! elementor - v3.16.0 - 14-09-2023 *\/\n.elementor-widget-text-editor.elementor-drop-cap-view-stacked .elementor-drop-cap{background-color:#69727d;color:#fff}.elementor-widget-text-editor.elementor-drop-cap-view-framed .elementor-drop-cap{color:#69727d;border:3px solid;background-color:transparent}.elementor-widget-text-editor:not(.elementor-drop-cap-view-default) .elementor-drop-cap{margin-top:8px}.elementor-widget-text-editor:not(.elementor-drop-cap-view-default) .elementor-drop-cap-letter{width:1em;height:1em}.elementor-widget-text-editor .elementor-drop-cap{float:left;text-align:center;line-height:1;font-size:50px}.elementor-widget-text-editor .elementor-drop-cap-letter{display:inline-block}<\/style>\t\t\t\t<header class=\"entry-header ast-no-thumbnail ast-no-meta\"><h1 class=\"entry-title\">pol\u00edtica de cookies<\/h1><\/header><div class=\"entry-content clear\"><p>En cumplimiento con lo dispuesto en el art\u00edculo 22.2 de la Ley 34\/2002, de 11 de julio, de Servicios de la Sociedad de la Informaci\u00f3n y de Comercio Electr\u00f3nico, el Titular te informa que este sitio Web utiliza cookies, as\u00ed como sobre su pol\u00edtica de recogida y el tratamiento que hace de las mismas.<\/p><h2>Qu\u00e9 son las cookies<\/h2><p>Una cookie es un fichero que se descarga en tu ordenador al entrar a determinadas p\u00e1ginas web. Las cookies permiten a una p\u00e1gina web, entre otras cosas, almacenar y recuperar informaci\u00f3n sobre tus h\u00e1bitos de navegaci\u00f3n y \u2014dependiendo de la informaci\u00f3n que contengan y de la forma en que utilices tu equipo\u2014 pueden utilizarse para identificarte.<\/p><h2>Tipos de cookies utilizadas<\/h2><p>El sitio Web\u00a0<a href=\"http:\/\/jorgecavia.es\/\">http:\/\/jorgecavia.es<\/a>\u00a0utiliza los siguientes tipos de cookies:<\/p><p>\u00a0<\/p><ul><li><b>Cookies t\u00e9cnicas:<\/b>\u00a0Son aquellas tratadas por el sitio Web que permiten a los usuarios registrados navegar a trav\u00e9s del \u00e1rea restringida y a utilizar sus diferentes funciones, como por ejemplo, llevar a cabo el proceso de compra de un Producto o Servicio.<br \/>Algunas cookies son esenciales para el funcionamiento del sitio Web, por ejemplo, el sistema de comentarios o el buscador.<\/li><li><b>Cookies de personalizaci\u00f3n:<\/b>\u00a0Son aquellas que permiten a los usuarios acceder al Servicio con algunas caracter\u00edsticas de car\u00e1cter general predefinidas en funci\u00f3n de una serie de criterios establecidos por el usuario como, por ejemplo, el idioma o el tipo de navegador a trav\u00e9s del cual se conecta a este sitio Web.<\/li><\/ul><p>\u00a0<\/p><h2>Desactivar las cookies<\/h2><p>Puedes aceptar, bloquear o eliminar las cookies instaladas en tu equipo mediante la configuraci\u00f3n de las opciones del navegador.<\/p><p>En los siguientes enlaces encontrar\u00e1s instrucciones para habilitar o deshabilitar las cookies en los navegadores m\u00e1s comunes.<\/p><p>\u00a0<\/p><ul><li><b>Firefox<\/b>\u00a0<a href=\"http:\/\/support.mozilla.org\/es\/kb\/habilitar-y-deshabilitar-cookies-que-los-sitios-we\" rel=\"nofollow\">http:\/\/support.mozilla.org\/es\/kb\/habilitar-y-deshabilitar-cookies-que-los-sitios-we<\/a><\/li><li><b>Safari<\/b>\u00a0<a href=\"http:\/\/support.apple.com\/kb\/HT1677?viewlocale=es_ES\" rel=\"nofollow\">http:\/\/support.apple.com\/kb\/HT1677?viewlocale=es_ES<\/a><\/li><li><b>Google Chrome<\/b>\u00a0<a href=\"https:\/\/support.google.com\/chrome\/answer\/95647?hl=es\" rel=\"nofollow\">https:\/\/support.google.com\/chrome\/answer\/95647?hl=es<\/a><\/li><\/ul><p>\u00a0<\/p><h2>Advertencia sobre eliminar cookies<\/h2><p>Puedes eliminar y bloquear las cookies de este sitio Web, pero parte del sitio no funcionar\u00e1 correctamente o su calidad puede verse afectada.<\/p><h2>Contacto<\/h2><p>En caso de que tengas cualquier duda acerca de esta Pol\u00edtica de Cookies o quieras realizar cualquier comentario sobre este sitio Web, puedes enviar un mensaje de correo electr\u00f3nico a la direcci\u00f3n jorgecaviagim@gmail.com.<\/p><\/div>\t\t\t\t\t\t<\/div>\n\t\t\t\t<\/div>\n\t\t\t\t\t<\/div>\n\t\t\t\t<\/div>\n\t\t<div class=\"elementor-element elementor-element-1ea5c79 e-flex e-con-boxed e-con e-parent\" data-id=\"1ea5c79\" data-element_type=\"container\" data-settings=\"{&quot;content_width&quot;:&quot;boxed&quot;}\" data-core-v316-plus=\"true\">\n\t\t\t\t\t<div class=\"e-con-inner\">\n\t\t\t\t<div class=\"elementor-element elementor-element-afc1132 elementor-widget elementor-widget-spacer\" data-id=\"afc1132\" data-element_type=\"widget\" data-widget_type=\"spacer.default\">\n\t\t\t\t<div class=\"elementor-widget-container\">\n\t\t\t\t\t<div class=\"elementor-spacer\">\n\t\t\t<div class=\"elementor-spacer-inner\"><\/div>\n\t\t<\/div>\n\t\t\t\t<\/div>\n\t\t\t\t<\/div>\n\t\t\t\t\t<\/div>\n\t\t\t\t<\/div>\n\t\t\t\t\t\t\t<\/div>","protected":false},"excerpt":{"rendered":"<p>pol\u00edtica de cookies En cumplimiento con lo dispuesto en el art\u00edculo 22.2 de la Ley 34\/2002, de 11 de julio, de Servicios de la Sociedad de la Informaci\u00f3n y de Comercio Electr\u00f3nico, el Titular te informa que este sitio Web utiliza cookies, as\u00ed como sobre su pol\u00edtica de recogida y el tratamiento que hace de [&hellip;]<\/p>","protected":false},"author":1,"featured_media":0,"parent":0,"menu_order":0,"comment_status":"closed","ping_status":"closed","template":"","meta":{"footnotes":""},"yoast_head":"<!-- This site is optimized with the Yoast SEO plugin v21.1 - https:\/\/yoast.com\/wordpress\/plugins\/seo\/ -->\n<title>Pol\u00edtica de cookies - Jorge Cavia<\/title>\n<meta name=\"robots\" content=\"index, follow, max-snippet:-1, max-image-preview:large, max-video-preview:-1\" \/>\n<link rel=\"canonical\" href=\"https:\/\/jorgecavia.com\/en\/politica-de-cookies\/\" \/>\n<meta property=\"og:locale\" content=\"en_GB\" \/>\n<meta property=\"og:type\" content=\"article\" \/>\n<meta property=\"og:title\" content=\"Pol\u00edtica de cookies - Jorge Cavia\" \/>\n<meta property=\"og:description\" content=\"pol\u00edtica de cookies En cumplimiento con lo dispuesto en el art\u00edculo 22.2 de la Ley 34\/2002, de 11 de julio, de Servicios de la Sociedad de la Informaci\u00f3n y de Comercio Electr\u00f3nico, el Titular te informa que este sitio Web utiliza cookies, as\u00ed como sobre su pol\u00edtica de recogida y el tratamiento que hace de [&hellip;]\" \/>\n<meta property=\"og:url\" content=\"https:\/\/jorgecavia.com\/en\/politica-de-cookies\/\" \/>\n<meta property=\"og:site_name\" content=\"Jorge Cavia\" \/>\n<meta property=\"article:modified_time\" content=\"2023-09-18T06:34:22+00:00\" \/>\n<meta name=\"twitter:card\" content=\"summary_large_image\" \/>\n<meta name=\"twitter:label1\" content=\"Estimated reading time\" \/>\n\t<meta name=\"twitter:data1\" content=\"2 minutes\" \/>\n<script type=\"application\/ld+json\" class=\"yoast-schema-graph\">{\"@context\":\"https:\/\/schema.org\",\"@graph\":[{\"@type\":\"WebPage\",\"@id\":\"https:\/\/jorgecavia.com\/politica-de-cookies\/\",\"url\":\"https:\/\/jorgecavia.com\/politica-de-cookies\/\",\"name\":\"Pol\u00edtica de cookies - Jorge Cavia\",\"isPartOf\":{\"@id\":\"https:\/\/jorgecavia.com\/#website\"},\"datePublished\":\"2023-09-18T06:33:36+00:00\",\"dateModified\":\"2023-09-18T06:34:22+00:00\",\"breadcrumb\":{\"@id\":\"https:\/\/jorgecavia.com\/politica-de-cookies\/#breadcrumb\"},\"inLanguage\":\"en-GB\",\"potentialAction\":[{\"@type\":\"ReadAction\",\"target\":[\"https:\/\/jorgecavia.com\/politica-de-cookies\/\"]}]},{\"@type\":\"BreadcrumbList\",\"@id\":\"https:\/\/jorgecavia.com\/politica-de-cookies\/#breadcrumb\",\"itemListElement\":[{\"@type\":\"ListItem\",\"position\":1,\"name\":\"Portada\",\"item\":\"https:\/\/jorgecavia.com\/\"},{\"@type\":\"ListItem\",\"position\":2,\"name\":\"Pol\u00edtica de cookies\"}]},{\"@type\":\"WebSite\",\"@id\":\"https:\/\/jorgecavia.com\/#website\",\"url\":\"https:\/\/jorgecavia.com\/\",\"name\":\"Jorge Cavia\",\"description\":\"Mosicoterapeuta\",\"publisher\":{\"@id\":\"https:\/\/jorgecavia.com\/#organization\"},\"potentialAction\":[{\"@type\":\"SearchAction\",\"target\":{\"@type\":\"EntryPoint\",\"urlTemplate\":\"https:\/\/jorgecavia.com\/?s={search_term_string}\"},\"query-input\":\"required name=search_term_string\"}],\"inLanguage\":\"en-GB\"},{\"@type\":\"Organization\",\"@id\":\"https:\/\/jorgecavia.com\/#organization\",\"name\":\"Jorge Cavia\",\"url\":\"https:\/\/jorgecavia.com\/\",\"logo\":{\"@type\":\"ImageObject\",\"inLanguage\":\"en-GB\",\"@id\":\"https:\/\/jorgecavia.com\/#\/schema\/logo\/image\/\",\"url\":\"https:\/\/jorgecavia.com\/wp-content\/uploads\/2023\/09\/cropped-logoJorge-51x64-1.jpg\",\"contentUrl\":\"https:\/\/jorgecavia.com\/wp-content\/uploads\/2023\/09\/cropped-logoJorge-51x64-1.jpg\",\"width\":51,\"height\":64,\"caption\":\"Jorge Cavia\"},\"image\":{\"@id\":\"https:\/\/jorgecavia.com\/#\/schema\/logo\/image\/\"}}]}<\/script>\n<!-- \/ Yoast SEO plugin. -->","yoast_head_json":{"title":"Pol\u00edtica de cookies - Jorge Cavia","robots":{"index":"index","follow":"follow","max-snippet":"max-snippet:-1","max-image-preview":"max-image-preview:large","max-video-preview":"max-video-preview:-1"},"canonical":"https:\/\/jorgecavia.com\/en\/politica-de-cookies\/","og_locale":"en_GB","og_type":"article","og_title":"Pol\u00edtica de cookies - Jorge Cavia","og_description":"pol\u00edtica de cookies En cumplimiento con lo dispuesto en el art\u00edculo 22.2 de la Ley 34\/2002, de 11 de julio, de Servicios de la Sociedad de la Informaci\u00f3n y de Comercio Electr\u00f3nico, el Titular te informa que este sitio Web utiliza cookies, as\u00ed como sobre su pol\u00edtica de recogida y el tratamiento que hace de [&hellip;]","og_url":"https:\/\/jorgecavia.com\/en\/politica-de-cookies\/","og_site_name":"Jorge Cavia","article_modified_time":"2023-09-18T06:34:22+00:00","twitter_card":"summary_large_image","twitter_misc":{"Estimated reading time":"2 minutes"},"schema":{"@context":"https:\/\/schema.org","@graph":[{"@type":"WebPage","@id":"https:\/\/jorgecavia.com\/politica-de-cookies\/","url":"https:\/\/jorgecavia.com\/politica-de-cookies\/","name":"Pol\u00edtica de cookies - Jorge Cavia","isPartOf":{"@id":"https:\/\/jorgecavia.com\/#website"},"datePublished":"2023-09-18T06:33:36+00:00","dateModified":"2023-09-18T06:34:22+00:00","breadcrumb":{"@id":"https:\/\/jorgecavia.com\/politica-de-cookies\/#breadcrumb"},"inLanguage":"en-GB","potentialAction":[{"@type":"ReadAction","target":["https:\/\/jorgecavia.com\/politica-de-cookies\/"]}]},{"@type":"BreadcrumbList","@id":"https:\/\/jorgecavia.com\/politica-de-cookies\/#breadcrumb","itemListElement":[{"@type":"ListItem","position":1,"name":"Portada","item":"https:\/\/jorgecavia.com\/"},{"@type":"ListItem","position":2,"name":"Pol\u00edtica de cookies"}]},{"@type":"WebSite","@id":"https:\/\/jorgecavia.com\/#website","url":"https:\/\/jorgecavia.com\/","name":"Jorge Cavia","description":"Mosicoterapeuta","publisher":{"@id":"https:\/\/jorgecavia.com\/#organization"},"potentialAction":[{"@type":"SearchAction","target":{"@type":"EntryPoint","urlTemplate":"https:\/\/jorgecavia.com\/?s={search_term_string}"},"query-input":"required name=search_term_string"}],"inLanguage":"en-GB"},{"@type":"Organization","@id":"https:\/\/jorgecavia.com\/#organization","name":"Jorge Cavia","url":"https:\/\/jorgecavia.com\/","logo":{"@type":"ImageObject","inLanguage":"en-GB","@id":"https:\/\/jorgecavia.com\/#\/schema\/logo\/image\/","url":"https:\/\/jorgecavia.com\/wp-content\/uploads\/2023\/09\/cropped-logoJorge-51x64-1.jpg","contentUrl":"https:\/\/jorgecavia.com\/wp-content\/uploads\/2023\/09\/cropped-logoJorge-51x64-1.jpg","width":51,"height":64,"caption":"Jorge Cavia"},"image":{"@id":"https:\/\/jorgecavia.com\/#\/schema\/logo\/image\/"}}]}},"_links":{"self":[{"href":"https:\/\/jorgecavia.com\/en\/wp-json\/wp\/v2\/pages\/523"}],"collection":[{"href":"https:\/\/jorgecavia.com\/en\/wp-json\/wp\/v2\/pages"}],"about":[{"href":"https:\/\/jorgecavia.com\/en\/wp-json\/wp\/v2\/types\/page"}],"author":[{"embeddable":true,"href":"https:\/\/jorgecavia.com\/en\/wp-json\/wp\/v2\/users\/1"}],"replies":[{"embeddable":true,"href":"https:\/\/jorgecavia.com\/en\/wp-json\/wp\/v2\/comments?post=523"}],"version-history":[{"count":4,"href":"https:\/\/jorgecavia.com\/en\/wp-json\/wp\/v2\/pages\/523\/revisions"}],"predecessor-version":[{"id":527,"href":"https:\/\/jorgecavia.com\/en\/wp-json\/wp\/v2\/pages\/523\/revisions\/527"}],"wp:attachment":[{"href":"https:\/\/jorgecavia.com\/en\/wp-json\/wp\/v2\/media?parent=523"}],"curies":[{"name":"wp","href":"https:\/\/api.w.org\/{rel}","templated":true}]}}