{"id":537,"date":"2023-09-18T17:49:02","date_gmt":"2023-09-18T15:49:02","guid":{"rendered":"https:\/\/jorgecavia.com\/?page_id=537"},"modified":"2023-09-18T18:00:29","modified_gmt":"2023-09-18T16:00:29","slug":"musicoterapia","status":"publish","type":"page","link":"https:\/\/jorgecavia.com\/en\/musicoterapia\/","title":{"rendered":"Musicoterapia"},"content":{"rendered":"<div data-elementor-type=\"wp-page\" data-elementor-id=\"537\" class=\"elementor elementor-537\">\n\t\t\t\t\t\t\t\t\t<section class=\"elementor-section elementor-top-section elementor-element elementor-element-1f56bfff elementor-section-boxed elementor-section-height-default elementor-section-height-default\" data-id=\"1f56bfff\" data-element_type=\"section\" data-settings=\"{&quot;background_background&quot;:&quot;classic&quot;}\">\n\t\t\t\t\t\t\t<div class=\"elementor-background-overlay\"><\/div>\n\t\t\t\t\t\t\t<div class=\"elementor-container elementor-column-gap-no\">\n\t\t\t\t\t<div class=\"elementor-column elementor-col-100 elementor-top-column elementor-element elementor-element-51dd4b1c\" data-id=\"51dd4b1c\" data-element_type=\"column\">\n\t\t\t<div class=\"elementor-widget-wrap elementor-element-populated\">\n\t\t\t\t\t\t\t\t<section class=\"elementor-section elementor-inner-section elementor-element elementor-element-3856ae29 elementor-section-boxed elementor-section-height-default elementor-section-height-default\" data-id=\"3856ae29\" data-element_type=\"section\">\n\t\t\t\t\t\t<div class=\"elementor-container elementor-column-gap-no\">\n\t\t\t\t\t<div class=\"elementor-column elementor-col-100 elementor-inner-column elementor-element elementor-element-5553838\" data-id=\"5553838\" data-element_type=\"column\" data-settings=\"{&quot;background_background&quot;:&quot;classic&quot;}\">\n\t\t\t<div class=\"elementor-widget-wrap elementor-element-populated\">\n\t\t\t\t\t\t\t\t<div class=\"elementor-element elementor-element-cdc14ab elementor-widget elementor-widget-heading\" data-id=\"cdc14ab\" data-element_type=\"widget\" data-widget_type=\"heading.default\">\n\t\t\t\t<div class=\"elementor-widget-container\">\n\t\t\t<style>\/*! elementor - v3.16.0 - 14-09-2023 *\/\n.elementor-heading-title{padding:0;margin:0;line-height:1}.elementor-widget-heading .elementor-heading-title[class*=elementor-size-]>a{color:inherit;font-size:inherit;line-height:inherit}.elementor-widget-heading .elementor-heading-title.elementor-size-small{font-size:15px}.elementor-widget-heading .elementor-heading-title.elementor-size-medium{font-size:19px}.elementor-widget-heading .elementor-heading-title.elementor-size-large{font-size:29px}.elementor-widget-heading .elementor-heading-title.elementor-size-xl{font-size:39px}.elementor-widget-heading .elementor-heading-title.elementor-size-xxl{font-size:59px}<\/style><h2 class=\"elementor-heading-title elementor-size-default\">Musicoterapia<\/h2>\t\t<\/div>\n\t\t\t\t<\/div>\n\t\t\t\t<div class=\"elementor-element elementor-element-6f7f8fd7 elementor-widget__width-auto elementor-widget elementor-widget-text-editor\" data-id=\"6f7f8fd7\" data-element_type=\"widget\" data-widget_type=\"text-editor.default\">\n\t\t\t\t<div class=\"elementor-widget-container\">\n\t\t\t<style>\/*! elementor - v3.16.0 - 14-09-2023 *\/\n.elementor-widget-text-editor.elementor-drop-cap-view-stacked .elementor-drop-cap{background-color:#69727d;color:#fff}.elementor-widget-text-editor.elementor-drop-cap-view-framed .elementor-drop-cap{color:#69727d;border:3px solid;background-color:transparent}.elementor-widget-text-editor:not(.elementor-drop-cap-view-default) .elementor-drop-cap{margin-top:8px}.elementor-widget-text-editor:not(.elementor-drop-cap-view-default) .elementor-drop-cap-letter{width:1em;height:1em}.elementor-widget-text-editor .elementor-drop-cap{float:left;text-align:center;line-height:1;font-size:50px}.elementor-widget-text-editor .elementor-drop-cap-letter{display:inline-block}<\/style>\t\t\t\tHome \/\t\t\t\t\t\t<\/div>\n\t\t\t\t<\/div>\n\t\t\t\t<div class=\"elementor-element elementor-element-ed44c63 elementor-widget__width-auto elementor-widget elementor-widget-text-editor\" data-id=\"ed44c63\" data-element_type=\"widget\" data-widget_type=\"text-editor.default\">\n\t\t\t\t<div class=\"elementor-widget-container\">\n\t\t\t\t\t\t\t<p>Musicoterapia<\/p>\t\t\t\t\t\t<\/div>\n\t\t\t\t<\/div>\n\t\t\t\t\t<\/div>\n\t\t<\/div>\n\t\t\t\t\t\t\t<\/div>\n\t\t<\/section>\n\t\t\t\t\t<\/div>\n\t\t<\/div>\n\t\t\t\t\t\t\t<\/div>\n\t\t<\/section>\n\t\t\t\t<section class=\"elementor-section elementor-top-section elementor-element elementor-element-570281ad elementor-section-boxed elementor-section-height-default elementor-section-height-default\" data-id=\"570281ad\" data-element_type=\"section\">\n\t\t\t\t\t\t<div class=\"elementor-container elementor-column-gap-no\">\n\t\t\t\t\t<div class=\"elementor-column elementor-col-50 elementor-top-column elementor-element elementor-element-bf1e7c7\" data-id=\"bf1e7c7\" data-element_type=\"column\">\n\t\t\t<div class=\"elementor-widget-wrap elementor-element-populated\">\n\t\t\t\t\t\t\t\t<div class=\"elementor-element elementor-element-10e2d8d2 elementor-widget elementor-widget-heading\" data-id=\"10e2d8d2\" data-element_type=\"widget\" data-widget_type=\"heading.default\">\n\t\t\t\t<div class=\"elementor-widget-container\">\n\t\t\t<h2 class=\"elementor-heading-title elementor-size-default\">Acerca de esta clase<\/h2>\t\t<\/div>\n\t\t\t\t<\/div>\n\t\t\t\t<div class=\"elementor-element elementor-element-2c072c4b elementor-widget elementor-widget-text-editor\" data-id=\"2c072c4b\" data-element_type=\"widget\" data-widget_type=\"text-editor.default\">\n\t\t\t\t<div class=\"elementor-widget-container\">\n\t\t\t\t\t\t\t<p>La musicoterapia es una forma de terapia que aprovecha el poder de la m\u00fasica para mejorar la comunicaci\u00f3n y el bienestar emocional de los individuos. Aqu\u00ed, destacamos seis caracter\u00edsticas fundamentales de la musicoterapia:<\/p><p>1. **Comunicaci\u00f3n no verbal:** La m\u00fasica proporciona un canal de comunicaci\u00f3n no verbal que permite a las personas expresar sus emociones de una manera \u00fanica. A menudo, las emociones que son dif\u00edciles de expresar con palabras pueden fluir a trav\u00e9s de la m\u00fasica, lo que facilita la comunicaci\u00f3n emocional.<\/p><p>2. **Conexi\u00f3n interna y externa:** La m\u00fasica tiene la capacidad de conectar a las personas consigo mismas al ayudarles a explorar sus propios pensamientos y sentimientos de manera profunda. Adem\u00e1s, fomenta la conexi\u00f3n con los dem\u00e1s, ya que la m\u00fasica puede ser compartida y experimentada en grupo, promoviendo as\u00ed la cohesi\u00f3n social.<\/p><p>3. **Regulaci\u00f3n emocional:** La m\u00fasica tiene un poderoso efecto sobre el estado de \u00e1nimo. Puede ayudar a reducir la ansiedad, aliviar el dolor y mitigar estados depresivos. La elecci\u00f3n de la m\u00fasica adecuada y la forma en que se presenta pueden influir positivamente en las emociones y el bienestar general de una persona.<\/p><p>4. **Superaci\u00f3n de barreras psicol\u00f3gicas:** La m\u00fasica puede actuar como una herramienta terap\u00e9utica que permite a las personas superar barreras psicol\u00f3gicas. Puede ayudar a las personas a explorar y enfrentar temas dif\u00edciles o traumas pasados de una manera segura y gradual.<\/p><p>5. **Expresi\u00f3n creativa:** La musicoterapia fomenta la expresi\u00f3n creativa de las emociones y pensamientos a trav\u00e9s de la creaci\u00f3n musical. Esto permite a las personas encontrar nuevas formas de expresarse y desarrollar habilidades de afrontamiento.<\/p><p>6. **Universalidad:** La m\u00fasica es un lenguaje universal que trasciende las barreras culturales y ling\u00fc\u00edsticas. Esto la hace accesible y efectiva como herramienta terap\u00e9utica en una amplia variedad de contextos y para personas de diferentes or\u00edgenes y edades.<\/p><p>\u00a0<\/p>\t\t\t\t\t\t<\/div>\n\t\t\t\t<\/div>\n\t\t\t\t<div class=\"elementor-element elementor-element-c29539a elementor-widget elementor-widget-jkit_video_button\" data-id=\"c29539a\" data-element_type=\"widget\" data-widget_type=\"jkit_video_button.default\">\n\t\t\t\t<div class=\"elementor-widget-container\">\n\t\t\t<div  class=\"jeg-elementor-kit jkit-video-button jeg_module___69e019f0da16b\"  data-autoplay=\"0\" data-loop=\"0\" data-controls=\"0\" data-type=\"youtube\" data-mute=\"0\" data-start=\"0\" data-end=\"0\"><a href=\"https:\/\/www.youtube.com\/watch?v=MLpWrANjFbI\"  class=\"jkit-video-popup-btn\"  ><span class=\"icon-position-before\"><\/span><\/a><\/div>\t\t<\/div>\n\t\t\t\t<\/div>\n\t\t\t\t<div class=\"elementor-element elementor-element-4d85ae19 elementor-widget elementor-widget-heading\" data-id=\"4d85ae19\" data-element_type=\"widget\" data-widget_type=\"heading.default\">\n\t\t\t\t<div class=\"elementor-widget-container\">\n\t\t\t<h2 class=\"elementor-heading-title elementor-size-default\">Lo que aprender\u00e1s\n<\/h2>\t\t<\/div>\n\t\t\t\t<\/div>\n\t\t\t\t<section class=\"elementor-section elementor-inner-section elementor-element elementor-element-15318244 elementor-section-boxed elementor-section-height-default elementor-section-height-default\" data-id=\"15318244\" data-element_type=\"section\">\n\t\t\t\t\t\t<div class=\"elementor-container elementor-column-gap-no\">\n\t\t\t\t\t<div class=\"elementor-column elementor-col-50 elementor-inner-column elementor-element elementor-element-155ace12\" data-id=\"155ace12\" data-element_type=\"column\">\n\t\t\t<div class=\"elementor-widget-wrap elementor-element-populated\">\n\t\t\t\t\t\t\t\t<div class=\"elementor-element elementor-element-49f1e47b elementor-align-left elementor-icon-list--layout-traditional elementor-list-item-link-full_width elementor-widget elementor-widget-icon-list\" data-id=\"49f1e47b\" data-element_type=\"widget\" data-widget_type=\"icon-list.default\">\n\t\t\t\t<div class=\"elementor-widget-container\">\n\t\t\t<link rel=\"stylesheet\" href=\"https:\/\/jorgecavia.com\/wp-content\/plugins\/elementor\/assets\/css\/widget-icon-list.min.css\">\t\t<ul class=\"elementor-icon-list-items\">\n\t\t\t\t\t\t\t<li class=\"elementor-icon-list-item\">\n\t\t\t\t\t\t\t\t\t\t\t<span class=\"elementor-icon-list-icon\">\n\t\t\t\t\t\t\t<i aria-hidden=\"true\" class=\"fas fa-check\"><\/i>\t\t\t\t\t\t<\/span>\n\t\t\t\t\t\t\t\t\t\t<span class=\"elementor-icon-list-text\">Aprender\u00e1s a explorar tus emociones<\/span>\n\t\t\t\t\t\t\t\t\t<\/li>\n\t\t\t\t\t\t\t\t<li class=\"elementor-icon-list-item\">\n\t\t\t\t\t\t\t\t\t\t\t<span class=\"elementor-icon-list-icon\">\n\t\t\t\t\t\t\t<i aria-hidden=\"true\" class=\"fas fa-check\"><\/i>\t\t\t\t\t\t<\/span>\n\t\t\t\t\t\t\t\t\t\t<span class=\"elementor-icon-list-text\">La m\u00fasica te brinda la oportunidad de comunicarte de manera efectiva sin necesidad de palabras<\/span>\n\t\t\t\t\t\t\t\t\t<\/li>\n\t\t\t\t\t\t\t\t<li class=\"elementor-icon-list-item\">\n\t\t\t\t\t\t\t\t\t\t\t<span class=\"elementor-icon-list-icon\">\n\t\t\t\t\t\t\t<i aria-hidden=\"true\" class=\"fas fa-check\"><\/i>\t\t\t\t\t\t<\/span>\n\t\t\t\t\t\t\t\t\t\t<span class=\"elementor-icon-list-text\">Conexi\u00f3n interpersona<\/span>\n\t\t\t\t\t\t\t\t\t<\/li>\n\t\t\t\t\t\t<\/ul>\n\t\t\t\t<\/div>\n\t\t\t\t<\/div>\n\t\t\t\t\t<\/div>\n\t\t<\/div>\n\t\t\t\t<div class=\"elementor-column elementor-col-50 elementor-inner-column elementor-element elementor-element-3fb8d3f5\" data-id=\"3fb8d3f5\" data-element_type=\"column\">\n\t\t\t<div class=\"elementor-widget-wrap elementor-element-populated\">\n\t\t\t\t\t\t\t\t<div class=\"elementor-element elementor-element-588f2213 elementor-align-left elementor-icon-list--layout-traditional elementor-list-item-link-full_width elementor-widget elementor-widget-icon-list\" data-id=\"588f2213\" data-element_type=\"widget\" data-widget_type=\"icon-list.default\">\n\t\t\t\t<div class=\"elementor-widget-container\">\n\t\t\t\t\t<ul class=\"elementor-icon-list-items\">\n\t\t\t\t\t\t\t<li class=\"elementor-icon-list-item\">\n\t\t\t\t\t\t\t\t\t\t\t<span class=\"elementor-icon-list-icon\">\n\t\t\t\t\t\t\t<i aria-hidden=\"true\" class=\"fas fa-check\"><\/i>\t\t\t\t\t\t<\/span>\n\t\t\t\t\t\t\t\t\t\t<span class=\"elementor-icon-list-text\">Eestrategias para regular tus emociones y mejorar tu estado de \u00e1nimo<\/span>\n\t\t\t\t\t\t\t\t\t<\/li>\n\t\t\t\t\t\t\t\t<li class=\"elementor-icon-list-item\">\n\t\t\t\t\t\t\t\t\t\t\t<span class=\"elementor-icon-list-icon\">\n\t\t\t\t\t\t\t<i aria-hidden=\"true\" class=\"fas fa-check\"><\/i>\t\t\t\t\t\t<\/span>\n\t\t\t\t\t\t\t\t\t\t<span class=\"elementor-icon-list-text\">Descubrir\u00e1s c\u00f3mo la m\u00fasica puede ayudarte a superar barreras psicol\u00f3gicas y afrontar experiencias dif\u00edciles de una manera terap\u00e9utica y segura.<\/span>\n\t\t\t\t\t\t\t\t\t<\/li>\n\t\t\t\t\t\t\t\t<li class=\"elementor-icon-list-item\">\n\t\t\t\t\t\t\t\t\t\t\t<span class=\"elementor-icon-list-icon\">\n\t\t\t\t\t\t\t<i aria-hidden=\"true\" class=\"fas fa-check\"><\/i>\t\t\t\t\t\t<\/span>\n\t\t\t\t\t\t\t\t\t\t<span class=\"elementor-icon-list-text\">La musicoterapia te dar\u00e1 la oportunidad de explorar y desarrollar tu creatividad<\/span>\n\t\t\t\t\t\t\t\t\t<\/li>\n\t\t\t\t\t\t<\/ul>\n\t\t\t\t<\/div>\n\t\t\t\t<\/div>\n\t\t\t\t\t<\/div>\n\t\t<\/div>\n\t\t\t\t\t\t\t<\/div>\n\t\t<\/section>\n\t\t\t\t\t<\/div>\n\t\t<\/div>\n\t\t\t\t<div class=\"elementor-column elementor-col-50 elementor-top-column elementor-element elementor-element-4ed1577d\" data-id=\"4ed1577d\" data-element_type=\"column\">\n\t\t\t<div class=\"elementor-widget-wrap elementor-element-populated\">\n\t\t\t\t\t\t\t\t<section class=\"elementor-section elementor-inner-section elementor-element elementor-element-31317b60 elementor-section-boxed elementor-section-height-default elementor-section-height-default\" data-id=\"31317b60\" data-element_type=\"section\" data-settings=\"{&quot;background_background&quot;:&quot;classic&quot;}\">\n\t\t\t\t\t\t\t<div class=\"elementor-background-overlay\"><\/div>\n\t\t\t\t\t\t\t<div class=\"elementor-container elementor-column-gap-no\">\n\t\t\t\t\t<div class=\"elementor-column elementor-col-100 elementor-inner-column elementor-element elementor-element-12d3a594\" data-id=\"12d3a594\" data-element_type=\"column\">\n\t\t\t<div class=\"elementor-widget-wrap elementor-element-populated\">\n\t\t\t\t\t\t\t\t<div class=\"elementor-element elementor-element-46d3a420 elementor-widget elementor-widget-heading\" data-id=\"46d3a420\" data-element_type=\"widget\" data-widget_type=\"heading.default\">\n\t\t\t\t<div class=\"elementor-widget-container\">\n\t\t\t<h3 class=\"elementor-heading-title elementor-size-default\">\u00bfTienes alguna pregunta?<\/h3>\t\t<\/div>\n\t\t\t\t<\/div>\n\t\t\t\t<div class=\"elementor-element elementor-element-47dcfce4 elementor-widget elementor-widget-text-editor\" data-id=\"47dcfce4\" data-element_type=\"widget\" data-widget_type=\"text-editor.default\">\n\t\t\t\t<div class=\"elementor-widget-container\">\n\t\t\t\t\t\t\t<p>La musicoterapia es una valiosa herramienta terap\u00e9utica que utiliza la m\u00fasica para mejorar la salud mental, emocional y f\u00edsica. Puede ayudar en el manejo del estr\u00e9s, la ansiedad y promover el bienestar.<\/p>\t\t\t\t\t\t<\/div>\n\t\t\t\t<\/div>\n\t\t\t\t<div class=\"elementor-element elementor-element-42043a90 elementor-icon-list--layout-traditional elementor-list-item-link-full_width elementor-widget elementor-widget-icon-list\" data-id=\"42043a90\" data-element_type=\"widget\" data-widget_type=\"icon-list.default\">\n\t\t\t\t<div class=\"elementor-widget-container\">\n\t\t\t\t\t<ul class=\"elementor-icon-list-items\">\n\t\t\t\t\t\t\t<li class=\"elementor-icon-list-item\">\n\t\t\t\t\t\t\t\t\t\t\t<span class=\"elementor-icon-list-icon\">\n\t\t\t\t\t\t\t<i aria-hidden=\"true\" class=\"fas fa-phone-alt\"><\/i>\t\t\t\t\t\t<\/span>\n\t\t\t\t\t\t\t\t\t\t<span class=\"elementor-icon-list-text\">+34 609 479 015<\/span>\n\t\t\t\t\t\t\t\t\t<\/li>\n\t\t\t\t\t\t\t\t<li class=\"elementor-icon-list-item\">\n\t\t\t\t\t\t\t\t\t\t\t<span class=\"elementor-icon-list-icon\">\n\t\t\t\t\t\t\t<i aria-hidden=\"true\" class=\"fas fa-envelope\"><\/i>\t\t\t\t\t\t<\/span>\n\t\t\t\t\t\t\t\t\t\t<span class=\"elementor-icon-list-text\">jorgecaviagim@gmail.com<\/span>\n\t\t\t\t\t\t\t\t\t<\/li>\n\t\t\t\t\t\t<\/ul>\n\t\t\t\t<\/div>\n\t\t\t\t<\/div>\n\t\t\t\t\t<\/div>\n\t\t<\/div>\n\t\t\t\t\t\t\t<\/div>\n\t\t<\/section>\n\t\t\t\t\t<\/div>\n\t\t<\/div>\n\t\t\t\t\t\t\t<\/div>\n\t\t<\/section>\n\t\t\t\t\t\t\t<\/div>","protected":false},"excerpt":{"rendered":"<p>Musicoterapia Home \/ Musicoterapia Acerca de esta clase La musicoterapia es una forma de terapia que aprovecha el poder de la m\u00fasica para mejorar la comunicaci\u00f3n y el bienestar emocional de los individuos. Aqu\u00ed, destacamos seis caracter\u00edsticas fundamentales de la musicoterapia: 1. **Comunicaci\u00f3n no verbal:** La m\u00fasica proporciona un canal de comunicaci\u00f3n no verbal que [&hellip;]<\/p>","protected":false},"author":1,"featured_media":0,"parent":0,"menu_order":0,"comment_status":"closed","ping_status":"closed","template":"","meta":{"footnotes":""},"yoast_head":"<!-- This site is optimized with the Yoast SEO plugin v21.1 - https:\/\/yoast.com\/wordpress\/plugins\/seo\/ -->\n<title>Musicoterapia - Jorge Cavia<\/title>\n<meta name=\"robots\" content=\"index, follow, max-snippet:-1, max-image-preview:large, max-video-preview:-1\" \/>\n<link rel=\"canonical\" href=\"https:\/\/jorgecavia.com\/en\/musicoterapia\/\" \/>\n<meta property=\"og:locale\" content=\"en_GB\" \/>\n<meta property=\"og:type\" content=\"article\" \/>\n<meta property=\"og:title\" content=\"Musicoterapia - Jorge Cavia\" \/>\n<meta property=\"og:description\" content=\"Musicoterapia Home \/ Musicoterapia Acerca de esta clase La musicoterapia es una forma de terapia que aprovecha el poder de la m\u00fasica para mejorar la comunicaci\u00f3n y el bienestar emocional de los individuos. Aqu\u00ed, destacamos seis caracter\u00edsticas fundamentales de la musicoterapia: 1. **Comunicaci\u00f3n no verbal:** La m\u00fasica proporciona un canal de comunicaci\u00f3n no verbal que [&hellip;]\" \/>\n<meta property=\"og:url\" content=\"https:\/\/jorgecavia.com\/en\/musicoterapia\/\" \/>\n<meta property=\"og:site_name\" content=\"Jorge Cavia\" \/>\n<meta property=\"article:modified_time\" content=\"2023-09-18T16:00:29+00:00\" \/>\n<meta name=\"twitter:card\" content=\"summary_large_image\" \/>\n<meta name=\"twitter:label1\" content=\"Estimated reading time\" \/>\n\t<meta name=\"twitter:data1\" content=\"2 minutes\" \/>\n<script type=\"application\/ld+json\" class=\"yoast-schema-graph\">{\"@context\":\"https:\/\/schema.org\",\"@graph\":[{\"@type\":\"WebPage\",\"@id\":\"https:\/\/jorgecavia.com\/musicoterapia\/\",\"url\":\"https:\/\/jorgecavia.com\/musicoterapia\/\",\"name\":\"Musicoterapia - Jorge Cavia\",\"isPartOf\":{\"@id\":\"https:\/\/jorgecavia.com\/#website\"},\"datePublished\":\"2023-09-18T15:49:02+00:00\",\"dateModified\":\"2023-09-18T16:00:29+00:00\",\"breadcrumb\":{\"@id\":\"https:\/\/jorgecavia.com\/musicoterapia\/#breadcrumb\"},\"inLanguage\":\"en-GB\",\"potentialAction\":[{\"@type\":\"ReadAction\",\"target\":[\"https:\/\/jorgecavia.com\/musicoterapia\/\"]}]},{\"@type\":\"BreadcrumbList\",\"@id\":\"https:\/\/jorgecavia.com\/musicoterapia\/#breadcrumb\",\"itemListElement\":[{\"@type\":\"ListItem\",\"position\":1,\"name\":\"Portada\",\"item\":\"https:\/\/jorgecavia.com\/\"},{\"@type\":\"ListItem\",\"position\":2,\"name\":\"Musicoterapia\"}]},{\"@type\":\"WebSite\",\"@id\":\"https:\/\/jorgecavia.com\/#website\",\"url\":\"https:\/\/jorgecavia.com\/\",\"name\":\"Jorge Cavia\",\"description\":\"Mosicoterapeuta\",\"publisher\":{\"@id\":\"https:\/\/jorgecavia.com\/#organization\"},\"potentialAction\":[{\"@type\":\"SearchAction\",\"target\":{\"@type\":\"EntryPoint\",\"urlTemplate\":\"https:\/\/jorgecavia.com\/?s={search_term_string}\"},\"query-input\":\"required name=search_term_string\"}],\"inLanguage\":\"en-GB\"},{\"@type\":\"Organization\",\"@id\":\"https:\/\/jorgecavia.com\/#organization\",\"name\":\"Jorge Cavia\",\"url\":\"https:\/\/jorgecavia.com\/\",\"logo\":{\"@type\":\"ImageObject\",\"inLanguage\":\"en-GB\",\"@id\":\"https:\/\/jorgecavia.com\/#\/schema\/logo\/image\/\",\"url\":\"https:\/\/jorgecavia.com\/wp-content\/uploads\/2023\/09\/cropped-logoJorge-51x64-1.jpg\",\"contentUrl\":\"https:\/\/jorgecavia.com\/wp-content\/uploads\/2023\/09\/cropped-logoJorge-51x64-1.jpg\",\"width\":51,\"height\":64,\"caption\":\"Jorge Cavia\"},\"image\":{\"@id\":\"https:\/\/jorgecavia.com\/#\/schema\/logo\/image\/\"}}]}<\/script>\n<!-- \/ Yoast SEO plugin. -->","yoast_head_json":{"title":"Musicoterapia - Jorge Cavia","robots":{"index":"index","follow":"follow","max-snippet":"max-snippet:-1","max-image-preview":"max-image-preview:large","max-video-preview":"max-video-preview:-1"},"canonical":"https:\/\/jorgecavia.com\/en\/musicoterapia\/","og_locale":"en_GB","og_type":"article","og_title":"Musicoterapia - Jorge Cavia","og_description":"Musicoterapia Home \/ Musicoterapia Acerca de esta clase La musicoterapia es una forma de terapia que aprovecha el poder de la m\u00fasica para mejorar la comunicaci\u00f3n y el bienestar emocional de los individuos. Aqu\u00ed, destacamos seis caracter\u00edsticas fundamentales de la musicoterapia: 1. **Comunicaci\u00f3n no verbal:** La m\u00fasica proporciona un canal de comunicaci\u00f3n no verbal que [&hellip;]","og_url":"https:\/\/jorgecavia.com\/en\/musicoterapia\/","og_site_name":"Jorge Cavia","article_modified_time":"2023-09-18T16:00:29+00:00","twitter_card":"summary_large_image","twitter_misc":{"Estimated reading time":"2 minutes"},"schema":{"@context":"https:\/\/schema.org","@graph":[{"@type":"WebPage","@id":"https:\/\/jorgecavia.com\/musicoterapia\/","url":"https:\/\/jorgecavia.com\/musicoterapia\/","name":"Musicoterapia - Jorge Cavia","isPartOf":{"@id":"https:\/\/jorgecavia.com\/#website"},"datePublished":"2023-09-18T15:49:02+00:00","dateModified":"2023-09-18T16:00:29+00:00","breadcrumb":{"@id":"https:\/\/jorgecavia.com\/musicoterapia\/#breadcrumb"},"inLanguage":"en-GB","potentialAction":[{"@type":"ReadAction","target":["https:\/\/jorgecavia.com\/musicoterapia\/"]}]},{"@type":"BreadcrumbList","@id":"https:\/\/jorgecavia.com\/musicoterapia\/#breadcrumb","itemListElement":[{"@type":"ListItem","position":1,"name":"Portada","item":"https:\/\/jorgecavia.com\/"},{"@type":"ListItem","position":2,"name":"Musicoterapia"}]},{"@type":"WebSite","@id":"https:\/\/jorgecavia.com\/#website","url":"https:\/\/jorgecavia.com\/","name":"Jorge Cavia","description":"Mosicoterapeuta","publisher":{"@id":"https:\/\/jorgecavia.com\/#organization"},"potentialAction":[{"@type":"SearchAction","target":{"@type":"EntryPoint","urlTemplate":"https:\/\/jorgecavia.com\/?s={search_term_string}"},"query-input":"required name=search_term_string"}],"inLanguage":"en-GB"},{"@type":"Organization","@id":"https:\/\/jorgecavia.com\/#organization","name":"Jorge Cavia","url":"https:\/\/jorgecavia.com\/","logo":{"@type":"ImageObject","inLanguage":"en-GB","@id":"https:\/\/jorgecavia.com\/#\/schema\/logo\/image\/","url":"https:\/\/jorgecavia.com\/wp-content\/uploads\/2023\/09\/cropped-logoJorge-51x64-1.jpg","contentUrl":"https:\/\/jorgecavia.com\/wp-content\/uploads\/2023\/09\/cropped-logoJorge-51x64-1.jpg","width":51,"height":64,"caption":"Jorge Cavia"},"image":{"@id":"https:\/\/jorgecavia.com\/#\/schema\/logo\/image\/"}}]}},"_links":{"self":[{"href":"https:\/\/jorgecavia.com\/en\/wp-json\/wp\/v2\/pages\/537"}],"collection":[{"href":"https:\/\/jorgecavia.com\/en\/wp-json\/wp\/v2\/pages"}],"about":[{"href":"https:\/\/jorgecavia.com\/en\/wp-json\/wp\/v2\/types\/page"}],"author":[{"embeddable":true,"href":"https:\/\/jorgecavia.com\/en\/wp-json\/wp\/v2\/users\/1"}],"replies":[{"embeddable":true,"href":"https:\/\/jorgecavia.com\/en\/wp-json\/wp\/v2\/comments?post=537"}],"version-history":[{"count":13,"href":"https:\/\/jorgecavia.com\/en\/wp-json\/wp\/v2\/pages\/537\/revisions"}],"predecessor-version":[{"id":556,"href":"https:\/\/jorgecavia.com\/en\/wp-json\/wp\/v2\/pages\/537\/revisions\/556"}],"wp:attachment":[{"href":"https:\/\/jorgecavia.com\/en\/wp-json\/wp\/v2\/media?parent=537"}],"curies":[{"name":"wp","href":"https:\/\/api.w.org\/{rel}","templated":true}]}}